{"id":462,"date":"2021-04-27T10:44:24","date_gmt":"2021-04-27T10:44:24","guid":{"rendered":"https:\/\/www.treespots.cz\/investment-opportunities\/"},"modified":"2021-09-13T11:45:09","modified_gmt":"2021-09-13T11:45:09","slug":"investicne-prilezitosti","status":"publish","type":"page","link":"https:\/\/www.treespots.cz\/sk\/investicne-prilezitosti\/","title":{"rendered":"Investi\u010dn\u00e9 pr\u00edle\u017eitosti"},"content":{"rendered":"<div id=\"pl-462\"  class=\"panel-layout\" ><div id=\"pg-462-0\"  class=\"panel-grid panel-no-style\" ><div id=\"pgc-462-0-0\"  class=\"panel-grid-cell panel-grid-cell-empty\" ><\/div><div id=\"pgc-462-0-1\"  class=\"panel-grid-cell\" ><div id=\"panel-462-0-1-0\" class=\"widget_text so-panel widget widget_custom_html panel-first-child panel-last-child\" data-index=\"0\" ><div class=\"textwidget custom-html-widget\"><div class=\"container_io\">\n<img decoding=\"async\" src=\"https:\/\/www.treespots.cz\/\/wp-content\/uploads\/2021\/09\/AdobeStock_450786500.jpeg\" alt=\"Avatar\" class=\"image_io\">\n<div class=\"overlay_io\">\n<div class=\"text_io\">Fond kvalifikovan\u00fdch investorov. Vyu\u017e\u00edva \u0161pecifick\u00fd pr\u00edstup a investi\u010dn\u00e9 akt\u00edva. Riaden\u00fd profesion\u00e1lmi a podliehaj\u00faci \u0161tandardn\u00fdm kontroln\u00fdm mechanizmom.\n<\/div>\n<\/div>\n<\/div><\/div><\/div><\/div><div id=\"pgc-462-0-2\"  class=\"panel-grid-cell panel-grid-cell-mobile-last\" ><div id=\"panel-462-0-2-0\" class=\"so-panel widget widget_sow-editor panel-first-child panel-last-child\" data-index=\"1\" ><div class=\"so-widget-sow-editor so-widget-sow-editor-base\">\n<div class=\"siteorigin-widget-tinymce textwidget\">\n\t<h2>TREES &amp; POTS SICAV a.s.<\/h2>\n<p>Fond kvalifikovan\u00fdch investorov. Vyu\u017e\u00edva \u0161pecifick\u00fd pr\u00edstup a investi\u010dn\u00e9 akt\u00edva. Riaden\u00fd profesion\u00e1lmi a podliehaj\u00faci \u0161tandardn\u00fdm kontroln\u00fdm mechanizmom.<\/p>\n<div class=\"buttons-container\">\n                    <a href=\"#\" title=\"\" class=\"button button-has-icon\">Read more<span class=\"icon-arrow-right\"><\/span><\/a>\n                  <\/div>\n<\/div>\n<\/div><\/div><\/div><div id=\"pgc-462-0-3\"  class=\"panel-grid-cell panel-grid-cell-empty\" ><\/div><\/div><\/div>","protected":false},"excerpt":{"rendered":"<p>Vytvoren\u00e9 pre V\u00e1s. S pridanou hodnotou n\u00e1\u0161ho origin\u00e1lneho pr\u00edstupu. <\/p>\n","protected":false},"author":3,"featured_media":801,"parent":0,"menu_order":0,"comment_status":"closed","ping_status":"closed","template":"","meta":{"footnotes":""},"class_list":["post-462","page","type-page","status-publish","has-post-thumbnail","hentry"],"yoast_head":"<!-- This site is optimized with the Yoast SEO plugin v16.1.1 - https:\/\/yoast.com\/wordpress\/plugins\/seo\/ -->\n<link rel=\"canonical\" href=\"https:\/\/www.treespots.cz\/sk\/investicne-prilezitosti\/\" \/>\n<meta property=\"og:locale\" content=\"sk_SK\" \/>\n<meta property=\"og:type\" content=\"article\" \/>\n<meta property=\"og:title\" content=\"Investi\u010dn\u00e9 pr\u00edle\u017eitosti - Trees&amp;Pots\" \/>\n<meta property=\"og:description\" content=\"Vytvoren\u00e9 pre V\u00e1s. S pridanou hodnotou n\u00e1\u0161ho origin\u00e1lneho pr\u00edstupu.\" \/>\n<meta property=\"og:url\" content=\"https:\/\/www.treespots.cz\/sk\/investicne-prilezitosti\/\" \/>\n<meta property=\"og:site_name\" content=\"Trees&amp;Pots\" \/>\n<meta property=\"article:modified_time\" content=\"2021-09-13T11:45:09+00:00\" \/>\n<meta property=\"og:image\" content=\"https:\/\/www.treespots.cz\/wp-content\/uploads\/2021\/09\/Screenshot-2021-09-03-at-15.53.52.jpg\" \/>\n\t<meta property=\"og:image:width\" content=\"2048\" \/>\n\t<meta property=\"og:image:height\" content=\"1364\" \/>\n<meta name=\"twitter:card\" content=\"summary_large_image\" \/>\n<script type=\"application\/ld+json\" class=\"yoast-schema-graph\">{\"@context\":\"https:\/\/schema.org\",\"@graph\":[{\"@type\":\"WebSite\",\"@id\":\"https:\/\/www.treespots.cz\/sk\/#website\",\"url\":\"https:\/\/www.treespots.cz\/sk\/\",\"name\":\"Trees&amp;Pots\",\"description\":\"\",\"potentialAction\":[{\"@type\":\"SearchAction\",\"target\":\"https:\/\/www.treespots.cz\/sk\/?s={search_term_string}\",\"query-input\":\"required name=search_term_string\"}],\"inLanguage\":\"sk-SK\"},{\"@type\":\"ImageObject\",\"@id\":\"https:\/\/www.treespots.cz\/sk\/investicne-prilezitosti\/#primaryimage\",\"inLanguage\":\"sk-SK\",\"url\":\"https:\/\/www.treespots.cz\/wp-content\/uploads\/2021\/09\/Screenshot-2021-09-03-at-15.53.52.jpg\",\"contentUrl\":\"https:\/\/www.treespots.cz\/wp-content\/uploads\/2021\/09\/Screenshot-2021-09-03-at-15.53.52.jpg\",\"width\":2048,\"height\":1364},{\"@type\":\"WebPage\",\"@id\":\"https:\/\/www.treespots.cz\/sk\/investicne-prilezitosti\/#webpage\",\"url\":\"https:\/\/www.treespots.cz\/sk\/investicne-prilezitosti\/\",\"name\":\"Investi\\u010dn\\u00e9 pr\\u00edle\\u017eitosti - Trees&amp;Pots\",\"isPartOf\":{\"@id\":\"https:\/\/www.treespots.cz\/sk\/#website\"},\"primaryImageOfPage\":{\"@id\":\"https:\/\/www.treespots.cz\/sk\/investicne-prilezitosti\/#primaryimage\"},\"datePublished\":\"2021-04-27T10:44:24+00:00\",\"dateModified\":\"2021-09-13T11:45:09+00:00\",\"breadcrumb\":{\"@id\":\"https:\/\/www.treespots.cz\/sk\/investicne-prilezitosti\/#breadcrumb\"},\"inLanguage\":\"sk-SK\",\"potentialAction\":[{\"@type\":\"ReadAction\",\"target\":[\"https:\/\/www.treespots.cz\/sk\/investicne-prilezitosti\/\"]}]},{\"@type\":\"BreadcrumbList\",\"@id\":\"https:\/\/www.treespots.cz\/sk\/investicne-prilezitosti\/#breadcrumb\",\"itemListElement\":[{\"@type\":\"ListItem\",\"position\":1,\"item\":{\"@type\":\"WebPage\",\"@id\":\"https:\/\/www.treespots.cz\/sk\/\",\"url\":\"https:\/\/www.treespots.cz\/sk\/\",\"name\":\"Domovsk\\u00e1 str\\u00e1nka\"}},{\"@type\":\"ListItem\",\"position\":2,\"item\":{\"@type\":\"WebPage\",\"@id\":\"https:\/\/www.treespots.cz\/sk\/investicne-prilezitosti\/\",\"url\":\"https:\/\/www.treespots.cz\/sk\/investicne-prilezitosti\/\",\"name\":\"Investi\\u010dn\\u00e9 pr\\u00edle\\u017eitosti\"}}]}]}<\/script>\n<!-- \/ Yoast SEO plugin. -->","_links":{"self":[{"href":"https:\/\/www.treespots.cz\/sk\/wp-json\/wp\/v2\/pages\/462","targetHints":{"allow":["GET"]}}],"collection":[{"href":"https:\/\/www.treespots.cz\/sk\/wp-json\/wp\/v2\/pages"}],"about":[{"href":"https:\/\/www.treespots.cz\/sk\/wp-json\/wp\/v2\/types\/page"}],"author":[{"embeddable":true,"href":"https:\/\/www.treespots.cz\/sk\/wp-json\/wp\/v2\/users\/3"}],"replies":[{"embeddable":true,"href":"https:\/\/www.treespots.cz\/sk\/wp-json\/wp\/v2\/comments?post=462"}],"version-history":[{"count":22,"href":"https:\/\/www.treespots.cz\/sk\/wp-json\/wp\/v2\/pages\/462\/revisions"}],"predecessor-version":[{"id":812,"href":"https:\/\/www.treespots.cz\/sk\/wp-json\/wp\/v2\/pages\/462\/revisions\/812"}],"wp:featuredmedia":[{"embeddable":true,"href":"https:\/\/www.treespots.cz\/sk\/wp-json\/wp\/v2\/media\/801"}],"wp:attachment":[{"href":"https:\/\/www.treespots.cz\/sk\/wp-json\/wp\/v2\/media?parent=462"}],"curies":[{"name":"wp","href":"https:\/\/api.w.org\/{rel}","templated":true}]}}