{"id":450,"date":"2021-04-27T09:20:23","date_gmt":"2021-04-27T09:20:23","guid":{"rendered":"https:\/\/www.treespots.cz\/investment-focus\/"},"modified":"2021-09-13T11:49:59","modified_gmt":"2021-09-13T11:49:59","slug":"investicne-zameranie","status":"publish","type":"page","link":"https:\/\/www.treespots.cz\/sk\/investicne-zameranie\/","title":{"rendered":"Investi\u010dn\u00e9 zameranie"},"content":{"rendered":"<div id=\"pl-450\"  class=\"panel-layout\" ><div id=\"pg-450-0\"  class=\"panel-grid panel-no-style\" ><div id=\"pgc-450-0-0\"  class=\"panel-grid-cell panel-grid-cell-empty\" ><\/div><div id=\"pgc-450-0-1\"  class=\"panel-grid-cell\" ><div id=\"panel-450-0-1-0\" class=\"widget_text so-panel widget widget_custom_html panel-first-child\" data-index=\"0\" ><div class=\"textwidget custom-html-widget\"><div class=\"container_io\">\n<img decoding=\"async\" src=\"https:\/\/www.treespots.cz\/wp-content\/uploads\/2021\/07\/11.jpg\" alt=\"Avatar\" class=\"image_io\">\n<div class=\"overlay_io\">\n<div class=\"text_io\">Invest\u00edcie do vz\u00e1cnych minc\u00ed s\u00fa pova\u017eovan\u00e9 za alternat\u00edvu tradi\u010dn\u00fdm triedam investi\u010dn\u00fdch akt\u00edv, s ktor\u00fdmi s\u00fa v z\u00e1pornej korel\u00e1cii. Oproti niektor\u00fdm \u0161tandardn\u00fdm trhov\u00fdm invest\u00edci\u00e1m sa vyzna\u010duj\u00fa ni\u017e\u0161ou likviditou av\u0161ak vy\u0161\u0161ou v\u00fdnosnos\u0165ou a zna\u010dne ni\u017e\u0161ou volatilitou. Vz\u00e1cne mince maj\u00fa schopnos\u0165 zabezpe\u010di\u0165 ochranu hodnoty v \u010dase vy\u0161\u0161ej infl\u00e1cie, ke\u010f naopak, vy\u0161\u0161ie infla\u010dn\u00e9 o\u010dak\u00e1vania \u0161kodia in\u00fdm triedam akt\u00edv. T\u00e1to \u0161pecifick\u00e1 vlastnos\u0165 zberate\u013esk\u00fdch minc\u00ed d\u00e1va numizmatick\u00fdm zbierkam potenci\u00e1l hra\u0165 d\u00f4le\u017eit\u00fa diverzifika\u010dn\u00fa \u00falohu v investi\u010dnom portf\u00f3liu.\n<\/div>\n<\/div>\n<\/div><\/div><\/div><div id=\"panel-450-0-1-1\" class=\"so-panel widget widget_sow-editor panel-last-child\" data-index=\"1\" ><div class=\"so-widget-sow-editor so-widget-sow-editor-base\">\n<div class=\"siteorigin-widget-tinymce textwidget\">\n\t<h2>Alternat\u00edvne invest\u00edcie<\/h2>\n<div class=\"page\" title=\"Page 2\">\n<div class=\"layoutArea\">\n<div class=\"column\">\n<p>Investi\u0301cie do vza\u0301cnych minci\u0301 su\u0301 povaz\u030covane\u0301 za alternati\u0301vu tradic\u030cny\u0301m triedam investic\u030cny\u0301ch akti\u0301v, s ktory\u0301mi su\u0301 v za\u0301pornej korela\u0301cii. Oproti niektory\u0301m s\u030ctandardny\u0301m trhovy\u0301m investi\u0301cia\u0301m sa vyznac\u030cuju\u0301 niz\u030cs\u030cou likviditou avs\u030cak vys\u030cs\u030cou vy\u0301nosnost\u030cou a znac\u030cne niz\u030cs\u030cou volatilitou. Vza\u0301cne mince maju\u0301 schopnost\u030c zabezpec\u030cit\u030c ochranu hodnoty v c\u030case vys\u030cs\u030cej infla\u0301cie, ked\u030c naopak, vys\u030cs\u030cie inflac\u030cne\u0301 oc\u030caka\u0301vania s\u030ckodia iny\u0301m triedam akti\u0301v. Ta\u0301to s\u030cpecificka\u0301 vlastnost\u030c zberatel\u030csky\u0301ch minci\u0301 da\u0301va numizmaticky\u0301m zbierkam potencia\u0301l hrat\u030c do\u0302lez\u030citu\u0301 diverzifikac\u030cnu\u0301 u\u0301lohu v investic\u030cnom portfo\u0301liu.<\/p>\n<\/div>\n<\/div>\n<\/div>\n<\/div>\n<\/div><\/div><\/div><div id=\"pgc-450-0-2\"  class=\"panel-grid-cell panel-grid-cell-mobile-last\" ><div id=\"panel-450-0-2-0\" class=\"widget_text so-panel widget widget_custom_html panel-first-child\" data-index=\"2\" ><div class=\"textwidget custom-html-widget\"><div class=\"container_io\">\n<img decoding=\"async\" src=\"https:\/\/www.treespots.cz\/wp-content\/uploads\/2021\/07\/WhatsApp-Image-2021-07-08-at-19.03.04-2.jpeg\" alt=\"Avatar\" class=\"image_io\">\n<div class=\"overlay_io\">\n<div class=\"text_io\">Zdravotn\u00e1 starostlivos\u0165 je vysoko \u0161pecializovan\u00fd odbor, o ktorom maj\u00fa h\u013abkov\u00e9 znalosti iba odborn\u00edci v danom odvetv\u00ed. Aj napriek s t\u00fdm spojen\u00fdm rizik\u00e1m m\u00f4\u017ee by\u0165 sektor zdravotnej starostlivosti pre investorov bezpe\u010dn\u00fdm \u00fato\u010diskom a ve\u013ekou pr\u00edle\u017eitos\u0165ou na rast. Ke\u010f\u017ee dopyt po zdravotnej starostlivosti je cenovo nepru\u017en\u00fd - \u010do znamen\u00e1, \u017ee pri fluktu\u00e1cii cien bude dopyt relat\u00edvne stabiln\u00fd - je sektor zdravotnej starostlivosti pomerne odoln\u00fd vo\u010di vzostupu i poklesu hospod\u00e1rskeho cyklu.\n<\/div>\n<\/div>\n<\/div><\/div><\/div><div id=\"panel-450-0-2-1\" class=\"so-panel widget widget_sow-editor panel-last-child\" data-index=\"3\" ><div class=\"so-widget-sow-editor so-widget-sow-editor-base\">\n<div class=\"siteorigin-widget-tinymce textwidget\">\n\t<h2>Zdravotn\u00edctvo<\/h2>\n<p>Zdravotn\u00e1 starostlivos\u0165 je vysoko \u0161pecializovan\u00fd odbor, o ktorom maj\u00fa h\u013abkov\u00e9 znalosti iba odborn\u00edci v danom odvetv\u00ed. Aj napriek s t\u00fdm spojen\u00fdm rizik\u00e1m m\u00f4\u017ee by\u0165 sektor zdravotnej starostlivosti pre investorov bezpe\u010dn\u00fdm \u00fato\u010diskom a ve\u013ekou pr\u00edle\u017eitos\u0165ou na rast. Ke\u010f\u017ee dopyt po zdravotnej starostlivosti je cenovo nepru\u017en\u00fd - \u010do znamen\u00e1, \u017ee pri fluktu\u00e1cii cien bude dopyt relat\u00edvne stabiln\u00fd - je sektor zdravotnej starostlivosti pomerne odoln\u00fd vo\u010di vzostupu i poklesu hospod\u00e1rskeho cyklu.<\/p>\n<\/div>\n<\/div><\/div><\/div><div id=\"pgc-450-0-3\"  class=\"panel-grid-cell panel-grid-cell-empty\" ><\/div><\/div><div id=\"pg-450-1\"  class=\"panel-grid panel-no-style\" ><div id=\"pgc-450-1-0\"  class=\"panel-grid-cell panel-grid-cell-empty\" ><\/div><div id=\"pgc-450-1-1\"  class=\"panel-grid-cell\" ><div id=\"panel-450-1-1-0\" class=\"widget_text so-panel widget widget_custom_html panel-first-child\" data-index=\"4\" ><div class=\"textwidget custom-html-widget\"><div class=\"container_io\">\n<img decoding=\"async\" src=\"https:\/\/www.treespots.cz\/wp-content\/uploads\/2021\/08\/1-1.jpg\" alt=\"Avatar\" class=\"image_io\">\n<div class=\"overlay_io\">\n<div class=\"text_io\">Finan\u010dn\u00e9 trhy v\u0161eobecne odkazuj\u00fa na ak\u00e9ko\u013evek trhy, na ktor\u00fdch sa obchoduje s cenn\u00fdmi papiermi, vr\u00e1tane akciov\u00e9ho trhu, dlhopisov\u00e9ho trhu, dev\u00edzov\u00e9ho trhu a trhu s deriv\u00e1tmi. Finan\u010dn\u00e9 trhy s\u00fa d\u00f4le\u017eit\u00e9 pre hladk\u00e9 fungovanie ekonom\u00edk.\n<\/div>\n<\/div>\n<\/div><\/div><\/div><div id=\"panel-450-1-1-1\" class=\"so-panel widget widget_sow-editor panel-last-child\" data-index=\"5\" ><div class=\"so-widget-sow-editor so-widget-sow-editor-base\">\n<div class=\"siteorigin-widget-tinymce textwidget\">\n\t<h2>Finan\u010dn\u00e9 trhy<\/h2>\n<p>Finan\u010dn\u00e9 trhy v\u0161eobecne odkazuj\u00fa na ak\u00e9ko\u013evek trhy, na ktor\u00fdch sa obchoduje s cenn\u00fdmi papiermi, vr\u00e1tane akciov\u00e9ho trhu, dlhopisov\u00e9ho trhu, dev\u00edzov\u00e9ho trhu a trhu s deriv\u00e1tmi. Finan\u010dn\u00e9 trhy s\u00fa d\u00f4le\u017eit\u00e9 pre hladk\u00e9 fungovanie ekonom\u00edk.<\/p>\n<\/div>\n<\/div><\/div><\/div><div id=\"pgc-450-1-2\"  class=\"panel-grid-cell panel-grid-cell-mobile-last\" ><div id=\"panel-450-1-2-0\" class=\"widget_text so-panel widget widget_custom_html panel-first-child\" data-index=\"6\" ><div class=\"textwidget custom-html-widget\"><div class=\"container_io\">\n<img decoding=\"async\" src=\"https:\/\/www.treespots.cz\/wp-content\/uploads\/2021\/07\/WhatsApp-Image-2021-07-08-at-18.44.17-1.jpeg\" alt=\"Avatar\" class=\"image_io\">\n<div class=\"overlay_io\">\n<div class=\"text_io\">Nehnute\u013enosti sa za posledn\u00fdch 50 rokov stali ob\u013e\u00faben\u00fdm investi\u010dn\u00fdm n\u00e1strojom. Nehnute\u013enosti m\u00f4\u017eu vylep\u0161i\u0165 profil rizika a n\u00e1vratnosti portf\u00f3lia investora a pon\u00faknu\u0165 konkuren\u010dn\u00e9 v\u00fdnosy upraven\u00e9 o riziko. V\u0161eobecne plat\u00ed, \u017ee trh s nehnute\u013enos\u0165ami m\u00e1 n\u00edzku volatilitu, najm\u00e4 v porovnan\u00ed s akciami a dlhopismi.\u00a0\u010eal\u0161ou v\u00fdhodou invest\u00edci\u00ed do nehnute\u013enost\u00ed je ich potenci\u00e1l diverzifik\u00e1cie. Reality maj\u00fa n\u00edzku a v niektor\u00fdch pr\u00edpadoch negat\u00edvnu korel\u00e1ciu s ostatn\u00fdmi hlavn\u00fdmi triedami akt\u00edv - to znamen\u00e1, \u017ee ke\u010f akcie klesaj\u00fa, nehnute\u013enosti \u010dasto rast\u00fa.\n<\/div>\n<\/div>\n<\/div><\/div><\/div><div id=\"panel-450-1-2-1\" class=\"so-panel widget widget_sow-editor panel-last-child\" data-index=\"7\" ><div class=\"so-widget-sow-editor so-widget-sow-editor-base\">\n<div class=\"siteorigin-widget-tinymce textwidget\">\n\t<h2>Nehnute\u013enosti<\/h2>\n<p>Nehnute\u013enosti sa za posledn\u00fdch 50 rokov stali ob\u013e\u00faben\u00fdm investi\u010dn\u00fdm n\u00e1strojom. Nehnute\u013enosti m\u00f4\u017eu vylep\u0161i\u0165 profil rizika a n\u00e1vratnosti portf\u00f3lia investora a pon\u00faknu\u0165 konkuren\u010dn\u00e9 v\u00fdnosy upraven\u00e9 o riziko. V\u0161eobecne plat\u00ed, \u017ee trh s nehnute\u013enos\u0165ami m\u00e1 n\u00edzku volatilitu, najm\u00e4 v porovnan\u00ed s akciami a dlhopismi.&nbsp;\u010eal\u0161ou v\u00fdhodou invest\u00edci\u00ed do nehnute\u013enost\u00ed je ich potenci\u00e1l diverzifik\u00e1cie. Reality maj\u00fa n\u00edzku a v niektor\u00fdch pr\u00edpadoch negat\u00edvnu korel\u00e1ciu s ostatn\u00fdmi hlavn\u00fdmi triedami akt\u00edv - to znamen\u00e1, \u017ee ke\u010f akcie klesaj\u00fa, nehnute\u013enosti \u010dasto rast\u00fa.<\/p>\n<\/div>\n<\/div><\/div><\/div><div id=\"pgc-450-1-3\"  class=\"panel-grid-cell panel-grid-cell-empty\" ><\/div><\/div><\/div>","protected":false},"excerpt":{"rendered":"<p>Uplat\u0148ovan\u00edm na\u0161ich postupov sa sna\u017e\u00edme poskytova\u0165 klientom udr\u017eate\u013en\u00fa a dlhodob\u00fa hodnotu. Na\u0161e odvetvov\u00e9 odborn\u00e9 znalosti zah\u0155\u0148aj\u00fa:<\/p>\n","protected":false},"author":3,"featured_media":0,"parent":0,"menu_order":0,"comment_status":"closed","ping_status":"closed","template":"","meta":{"footnotes":""},"class_list":["post-450","page","type-page","status-publish","hentry"],"yoast_head":"<!-- This site is optimized with the Yoast SEO plugin v16.1.1 - https:\/\/yoast.com\/wordpress\/plugins\/seo\/ -->\n<link rel=\"canonical\" href=\"https:\/\/www.treespots.cz\/sk\/investicne-zameranie\/\" \/>\n<meta property=\"og:locale\" content=\"sk_SK\" \/>\n<meta property=\"og:type\" content=\"article\" \/>\n<meta property=\"og:title\" content=\"Investi\u010dn\u00e9 zameranie - Trees&amp;Pots\" \/>\n<meta property=\"og:description\" content=\"Uplat\u0148ovan\u00edm na\u0161ich postupov sa sna\u017e\u00edme poskytova\u0165 klientom udr\u017eate\u013en\u00fa a dlhodob\u00fa hodnotu. Na\u0161e odvetvov\u00e9 odborn\u00e9 znalosti zah\u0155\u0148aj\u00fa:\" \/>\n<meta property=\"og:url\" content=\"https:\/\/www.treespots.cz\/sk\/investicne-zameranie\/\" \/>\n<meta property=\"og:site_name\" content=\"Trees&amp;Pots\" \/>\n<meta property=\"article:modified_time\" content=\"2021-09-13T11:49:59+00:00\" \/>\n<meta name=\"twitter:card\" content=\"summary_large_image\" \/>\n<meta name=\"twitter:label1\" content=\"Predpokladan\u00fd \u010das \u010d\u00edtania\">\n\t<meta name=\"twitter:data1\" content=\"2 min\u00faty\">\n<script type=\"application\/ld+json\" class=\"yoast-schema-graph\">{\"@context\":\"https:\/\/schema.org\",\"@graph\":[{\"@type\":\"WebSite\",\"@id\":\"https:\/\/www.treespots.cz\/sk\/#website\",\"url\":\"https:\/\/www.treespots.cz\/sk\/\",\"name\":\"Trees&amp;Pots\",\"description\":\"\",\"potentialAction\":[{\"@type\":\"SearchAction\",\"target\":\"https:\/\/www.treespots.cz\/sk\/?s={search_term_string}\",\"query-input\":\"required name=search_term_string\"}],\"inLanguage\":\"sk-SK\"},{\"@type\":\"WebPage\",\"@id\":\"https:\/\/www.treespots.cz\/sk\/investicne-zameranie\/#webpage\",\"url\":\"https:\/\/www.treespots.cz\/sk\/investicne-zameranie\/\",\"name\":\"Investi\\u010dn\\u00e9 zameranie - Trees&amp;Pots\",\"isPartOf\":{\"@id\":\"https:\/\/www.treespots.cz\/sk\/#website\"},\"datePublished\":\"2021-04-27T09:20:23+00:00\",\"dateModified\":\"2021-09-13T11:49:59+00:00\",\"breadcrumb\":{\"@id\":\"https:\/\/www.treespots.cz\/sk\/investicne-zameranie\/#breadcrumb\"},\"inLanguage\":\"sk-SK\",\"potentialAction\":[{\"@type\":\"ReadAction\",\"target\":[\"https:\/\/www.treespots.cz\/sk\/investicne-zameranie\/\"]}]},{\"@type\":\"BreadcrumbList\",\"@id\":\"https:\/\/www.treespots.cz\/sk\/investicne-zameranie\/#breadcrumb\",\"itemListElement\":[{\"@type\":\"ListItem\",\"position\":1,\"item\":{\"@type\":\"WebPage\",\"@id\":\"https:\/\/www.treespots.cz\/sk\/\",\"url\":\"https:\/\/www.treespots.cz\/sk\/\",\"name\":\"Domovsk\\u00e1 str\\u00e1nka\"}},{\"@type\":\"ListItem\",\"position\":2,\"item\":{\"@type\":\"WebPage\",\"@id\":\"https:\/\/www.treespots.cz\/sk\/investicne-zameranie\/\",\"url\":\"https:\/\/www.treespots.cz\/sk\/investicne-zameranie\/\",\"name\":\"Investi\\u010dn\\u00e9 zameranie\"}}]}]}<\/script>\n<!-- \/ Yoast SEO plugin. -->","_links":{"self":[{"href":"https:\/\/www.treespots.cz\/sk\/wp-json\/wp\/v2\/pages\/450","targetHints":{"allow":["GET"]}}],"collection":[{"href":"https:\/\/www.treespots.cz\/sk\/wp-json\/wp\/v2\/pages"}],"about":[{"href":"https:\/\/www.treespots.cz\/sk\/wp-json\/wp\/v2\/types\/page"}],"author":[{"embeddable":true,"href":"https:\/\/www.treespots.cz\/sk\/wp-json\/wp\/v2\/users\/3"}],"replies":[{"embeddable":true,"href":"https:\/\/www.treespots.cz\/sk\/wp-json\/wp\/v2\/comments?post=450"}],"version-history":[{"count":52,"href":"https:\/\/www.treespots.cz\/sk\/wp-json\/wp\/v2\/pages\/450\/revisions"}],"predecessor-version":[{"id":816,"href":"https:\/\/www.treespots.cz\/sk\/wp-json\/wp\/v2\/pages\/450\/revisions\/816"}],"wp:attachment":[{"href":"https:\/\/www.treespots.cz\/sk\/wp-json\/wp\/v2\/media?parent=450"}],"curies":[{"name":"wp","href":"https:\/\/api.w.org\/{rel}","templated":true}]}}