{"id":436,"date":"2021-04-27T08:19:39","date_gmt":"2021-04-27T08:19:39","guid":{"rendered":"https:\/\/www.treespots.cz\/about-us\/"},"modified":"2021-09-03T11:23:12","modified_gmt":"2021-09-03T11:23:12","slug":"o-nas","status":"publish","type":"page","link":"https:\/\/www.treespots.cz\/sk\/o-nas\/","title":{"rendered":"O n\u00e1s"},"content":{"rendered":"<div id=\"pl-436\"  class=\"panel-layout\" ><div id=\"pg-436-0\"  class=\"panel-grid panel-has-style\" ><div class=\"panel-row-style panel-row-style-for-436-0\" ><div id=\"pgc-436-0-0\"  class=\"panel-grid-cell panel-grid-cell-empty\" ><\/div><div id=\"pgc-436-0-1\"  class=\"panel-grid-cell\" ><div id=\"panel-436-0-1-0\" class=\"so-panel widget widget_sow-editor panel-first-child panel-last-child\" data-index=\"0\" ><div class=\"so-widget-sow-editor so-widget-sow-editor-base\">\n<div class=\"siteorigin-widget-tinymce textwidget\">\n\t<h1>Trees & Pots je spolo\u010dnos\u0165 zaoberaj\u00faca sa n\u00e1vrhom investi\u010dn\u00fdch strat\u00e9gi\u00ed, ktor\u00e9 sl\u00fa\u017eia na zhodnotenie a zve\u013eadenie majetku klientov a ich bud\u00facich gener\u00e1ci\u00ed. <\/h1>\n<\/div>\n<\/div><\/div><\/div><div id=\"pgc-436-0-2\"  class=\"panel-grid-cell panel-grid-cell-mobile-last\" ><div id=\"panel-436-0-2-0\" class=\"so-panel widget widget_sow-editor panel-first-child panel-last-child\" data-index=\"1\" ><div class=\"so-widget-sow-editor so-widget-sow-editor-base\">\n<div class=\"siteorigin-widget-tinymce textwidget\">\n\t<p>Spolo\u010dnos\u0165 Trees &amp; Pots spojila zakladate\u013eov z podnikate\u013esk\u00e9ho a bankov\u00e9ho prostredia a ich spolupracuj\u00facich partnerov. Toto jedine\u010dn\u00e9 partnerstvo kombinuje invest\u00edcie s odborn\u00fdmi znalos\u0165ami a expert\u00edzou v \u0161pecifick\u00fdch oblastiach ekonomiky a tak umo\u017e\u0148uje dosahova\u0165 atrakt\u00edvne v\u00fdsledky pri ich zhodnocovan\u00ed.<\/p>\n<\/div>\n<\/div><\/div><\/div><div id=\"pgc-436-0-3\"  class=\"panel-grid-cell panel-grid-cell-empty\" ><\/div><\/div><\/div><div id=\"pg-436-1\"  class=\"panel-grid panel-has-style\" ><div class=\"panel-row-style panel-row-style-for-436-1\" ><div id=\"pgc-436-1-0\"  class=\"panel-grid-cell panel-grid-cell-empty\" ><\/div><div id=\"pgc-436-1-1\"  class=\"panel-grid-cell panel-grid-cell-mobile-last\" ><div id=\"panel-436-1-1-0\" class=\"so-panel widget widget_sow-editor panel-first-child panel-last-child\" data-index=\"2\" ><div class=\"so-widget-sow-editor so-widget-sow-editor-base\">\n<div class=\"siteorigin-widget-tinymce textwidget\">\n\t<div>\n<h2 style=\"text-align: center;\">Na\u0161a \u010dinnos\u0165 je zalo\u017een\u00e1 na z\u00e1kladn\u00fdch hodnot\u00e1ch<\/h2>\n<\/div>\n<\/div>\n<\/div><\/div><\/div><div id=\"pgc-436-1-2\"  class=\"panel-grid-cell panel-grid-cell-empty\" ><\/div><\/div><\/div><div id=\"pg-436-2\"  class=\"panel-grid panel-no-style\" ><div id=\"pgc-436-2-0\"  class=\"panel-grid-cell panel-grid-cell-empty\" ><\/div><div id=\"pgc-436-2-1\"  class=\"panel-grid-cell\" ><div id=\"panel-436-2-1-0\" class=\"so-panel widget widget_sow-image panel-first-child\" data-index=\"3\" ><div class=\"so-widget-sow-image so-widget-sow-image-default-d6014b76747a\">\n\n<div class=\"sow-image-container\">\n\t<img loading=\"lazy\" decoding=\"async\" src=\"https:\/\/www.treespots.cz\/wp-content\/uploads\/2021\/05\/4.jpg\" width=\"1000\" height=\"563\" srcset=\"https:\/\/www.treespots.cz\/wp-content\/uploads\/2021\/05\/4.jpg 1000w, https:\/\/www.treespots.cz\/wp-content\/uploads\/2021\/05\/4-300x169.jpg 300w, https:\/\/www.treespots.cz\/wp-content\/uploads\/2021\/05\/4-768x432.jpg 768w, https:\/\/www.treespots.cz\/wp-content\/uploads\/2021\/05\/4-480x270.jpg 480w, https:\/\/www.treespots.cz\/wp-content\/uploads\/2021\/05\/4-992x558.jpg 992w\" sizes=\"auto, (max-width: 1000px) 100vw, 1000px\" alt=\"\" \t\tclass=\"so-widget-image\"\/>\n<\/div>\n\n<\/div><\/div><div id=\"panel-436-2-1-1\" class=\"so-panel widget widget_sow-editor panel-last-child\" data-index=\"4\" ><div class=\"so-widget-sow-editor so-widget-sow-editor-base\">\n<div class=\"siteorigin-widget-tinymce textwidget\">\n\t<p style=\"text-align: center;\"><b>Komunik\u00e1cia<\/b><\/p>\n<p style=\"text-align: center;\">\u00daprimnos\u0165 a spravodlivos\u0165 je z\u00e1kladom v\u0161etk\u00e9ho, \u010do rob\u00edme. Ver\u00edme, \u017ee na\u0161e podnikanie a\u00a0po\u010d\u00ednanie je dlhodob\u00e9 a dobr\u00e1 reput\u00e1cia sa buduje po cel\u00e9 desa\u0165ro\u010dia.<\/p>\n<\/div>\n<\/div><\/div><\/div><div id=\"pgc-436-2-2\"  class=\"panel-grid-cell panel-grid-cell-empty\" ><\/div><div id=\"pgc-436-2-3\"  class=\"panel-grid-cell panel-grid-cell-mobile-last\" ><div id=\"panel-436-2-3-0\" class=\"so-panel widget widget_sow-image panel-first-child\" data-index=\"5\" ><div class=\"so-widget-sow-image so-widget-sow-image-default-d6014b76747a\">\n\n<div class=\"sow-image-container\">\n\t<img loading=\"lazy\" decoding=\"async\" src=\"https:\/\/www.treespots.cz\/wp-content\/uploads\/2021\/04\/4.jpg\" width=\"1000\" height=\"563\" srcset=\"https:\/\/www.treespots.cz\/wp-content\/uploads\/2021\/04\/4.jpg 1000w, https:\/\/www.treespots.cz\/wp-content\/uploads\/2021\/04\/4-300x169.jpg 300w, https:\/\/www.treespots.cz\/wp-content\/uploads\/2021\/04\/4-768x432.jpg 768w, https:\/\/www.treespots.cz\/wp-content\/uploads\/2021\/04\/4-480x270.jpg 480w, https:\/\/www.treespots.cz\/wp-content\/uploads\/2021\/04\/4-992x558.jpg 992w\" sizes=\"auto, (max-width: 1000px) 100vw, 1000px\" alt=\"\" \t\tclass=\"so-widget-image\"\/>\n<\/div>\n\n<\/div><\/div><div id=\"panel-436-2-3-1\" class=\"so-panel widget widget_sow-editor panel-last-child\" data-index=\"6\" ><div class=\"so-widget-sow-editor so-widget-sow-editor-base\">\n<div class=\"siteorigin-widget-tinymce textwidget\">\n\t<p style=\"text-align: center;\"><b>Partnerstvo<\/b><\/p>\n<p style=\"text-align: center;\">Spolo\u010dne vytv\u00e1rame hodnotu. Nadv\u00e4zujeme dlhodob\u00e9 partnerstv\u00e1 s\u00a0talentovan\u00fdmi a\u00a0sk\u00fasen\u00fdmi partnermi, kolegami a investormi.<\/p>\n<\/div>\n<\/div><\/div><\/div><div id=\"pgc-436-2-4\"  class=\"panel-grid-cell panel-grid-cell-empty\" ><\/div><\/div><div id=\"pg-436-3\"  class=\"panel-grid panel-no-style\" ><div id=\"pgc-436-3-0\"  class=\"panel-grid-cell panel-grid-cell-empty\" ><\/div><div id=\"pgc-436-3-1\"  class=\"panel-grid-cell\" ><div id=\"panel-436-3-1-0\" class=\"so-panel widget widget_sow-image panel-first-child\" data-index=\"7\" ><div class=\"so-widget-sow-image so-widget-sow-image-default-d6014b76747a\">\n\n<div class=\"sow-image-container\">\n\t<img loading=\"lazy\" decoding=\"async\" src=\"https:\/\/www.treespots.cz\/wp-content\/uploads\/2021\/04\/5.jpg\" width=\"1000\" height=\"563\" srcset=\"https:\/\/www.treespots.cz\/wp-content\/uploads\/2021\/04\/5.jpg 1000w, https:\/\/www.treespots.cz\/wp-content\/uploads\/2021\/04\/5-300x169.jpg 300w, https:\/\/www.treespots.cz\/wp-content\/uploads\/2021\/04\/5-768x432.jpg 768w, https:\/\/www.treespots.cz\/wp-content\/uploads\/2021\/04\/5-480x270.jpg 480w, https:\/\/www.treespots.cz\/wp-content\/uploads\/2021\/04\/5-992x558.jpg 992w\" sizes=\"auto, (max-width: 1000px) 100vw, 1000px\" alt=\"\" \t\tclass=\"so-widget-image\"\/>\n<\/div>\n\n<\/div><\/div><div id=\"panel-436-3-1-1\" class=\"so-panel widget widget_sow-editor panel-last-child\" data-index=\"8\" ><div class=\"so-widget-sow-editor so-widget-sow-editor-base\">\n<div class=\"siteorigin-widget-tinymce textwidget\">\n\t<p style=\"text-align: center;\"><span class=\"y2iqfc\"><b>Udr\u017eate\u013en\u00e1 rovnov\u00e1ha<\/b><\/span><\/p>\n<p style=\"text-align: center;\"><span class=\"y2iqfc\">Zameriavame sa na dlhodob\u00fa hodnotu, a to aj na \u00fakor kr\u00e1tkodob\u00fdch ziskov.<\/span><\/p>\n<\/div>\n<\/div><\/div><\/div><div id=\"pgc-436-3-2\"  class=\"panel-grid-cell panel-grid-cell-empty\" ><\/div><div id=\"pgc-436-3-3\"  class=\"panel-grid-cell panel-grid-cell-mobile-last\" ><div id=\"panel-436-3-3-0\" class=\"so-panel widget widget_sow-image panel-first-child\" data-index=\"9\" ><div class=\"so-widget-sow-image so-widget-sow-image-default-d6014b76747a\">\n\n<div class=\"sow-image-container\">\n\t<img loading=\"lazy\" decoding=\"async\" src=\"https:\/\/www.treespots.cz\/wp-content\/uploads\/2021\/05\/5.jpg\" width=\"1000\" height=\"563\" srcset=\"https:\/\/www.treespots.cz\/wp-content\/uploads\/2021\/05\/5.jpg 1000w, https:\/\/www.treespots.cz\/wp-content\/uploads\/2021\/05\/5-300x169.jpg 300w, https:\/\/www.treespots.cz\/wp-content\/uploads\/2021\/05\/5-768x432.jpg 768w, https:\/\/www.treespots.cz\/wp-content\/uploads\/2021\/05\/5-480x270.jpg 480w, https:\/\/www.treespots.cz\/wp-content\/uploads\/2021\/05\/5-992x558.jpg 992w\" sizes=\"auto, (max-width: 1000px) 100vw, 1000px\" alt=\"\" \t\tclass=\"so-widget-image\"\/>\n<\/div>\n\n<\/div><\/div><div id=\"panel-436-3-3-1\" class=\"so-panel widget widget_sow-editor panel-last-child\" data-index=\"10\" ><div class=\"so-widget-sow-editor so-widget-sow-editor-base\">\n<div class=\"siteorigin-widget-tinymce textwidget\">\n\t<p style=\"text-align: center;\"><b>Sektorov\u00e1 odbornos\u0165<\/b><\/p>\n<p style=\"text-align: center;\">S\u00fastred\u00edme sa na odvetvia, ktor\u00e9 dobre pozn\u00e1me a na oblasti, v ktor\u00fdch maj\u00fa na\u0161i partneri priame prev\u00e1dzkov\u00e9 sk\u00fasenosti.<\/p>\n<\/div>\n<\/div><\/div><\/div><div id=\"pgc-436-3-4\"  class=\"panel-grid-cell panel-grid-cell-empty\" ><\/div><\/div><\/div>","protected":false},"excerpt":{"rendered":"<p>Partnerstvo, transparentnos\u0165 a snaha r\u00e1s\u0165.<\/p>\n","protected":false},"author":3,"featured_media":495,"parent":0,"menu_order":0,"comment_status":"closed","ping_status":"closed","template":"","meta":{"footnotes":""},"class_list":["post-436","page","type-page","status-publish","has-post-thumbnail","hentry"],"yoast_head":"<!-- This site is optimized with the Yoast SEO plugin v16.1.1 - https:\/\/yoast.com\/wordpress\/plugins\/seo\/ -->\n<link rel=\"canonical\" href=\"https:\/\/www.treespots.cz\/sk\/o-nas\/\" \/>\n<meta property=\"og:locale\" content=\"sk_SK\" \/>\n<meta property=\"og:type\" content=\"article\" \/>\n<meta property=\"og:title\" content=\"O n\u00e1s - Trees&amp;Pots\" \/>\n<meta property=\"og:description\" content=\"Partnerstvo, transparentnos\u0165 a snaha r\u00e1s\u0165.\" \/>\n<meta property=\"og:url\" content=\"https:\/\/www.treespots.cz\/sk\/o-nas\/\" \/>\n<meta property=\"og:site_name\" content=\"Trees&amp;Pots\" \/>\n<meta property=\"article:modified_time\" content=\"2021-09-03T11:23:12+00:00\" \/>\n<meta property=\"og:image\" content=\"https:\/\/www.treespots.cz\/wp-content\/uploads\/2021\/07\/1.jpg\" \/>\n\t<meta property=\"og:image:width\" content=\"1226\" \/>\n\t<meta property=\"og:image:height\" content=\"976\" \/>\n<meta name=\"twitter:card\" content=\"summary_large_image\" \/>\n<meta name=\"twitter:label1\" content=\"Predpokladan\u00fd \u010das \u010d\u00edtania\">\n\t<meta name=\"twitter:data1\" content=\"1 min\u00fata\">\n<script type=\"application\/ld+json\" class=\"yoast-schema-graph\">{\"@context\":\"https:\/\/schema.org\",\"@graph\":[{\"@type\":\"WebSite\",\"@id\":\"https:\/\/www.treespots.cz\/sk\/#website\",\"url\":\"https:\/\/www.treespots.cz\/sk\/\",\"name\":\"Trees&amp;Pots\",\"description\":\"\",\"potentialAction\":[{\"@type\":\"SearchAction\",\"target\":\"https:\/\/www.treespots.cz\/sk\/?s={search_term_string}\",\"query-input\":\"required name=search_term_string\"}],\"inLanguage\":\"sk-SK\"},{\"@type\":\"ImageObject\",\"@id\":\"https:\/\/www.treespots.cz\/sk\/o-nas\/#primaryimage\",\"inLanguage\":\"sk-SK\",\"url\":\"https:\/\/www.treespots.cz\/wp-content\/uploads\/2021\/07\/1.jpg\",\"contentUrl\":\"https:\/\/www.treespots.cz\/wp-content\/uploads\/2021\/07\/1.jpg\",\"width\":1226,\"height\":976},{\"@type\":\"WebPage\",\"@id\":\"https:\/\/www.treespots.cz\/sk\/o-nas\/#webpage\",\"url\":\"https:\/\/www.treespots.cz\/sk\/o-nas\/\",\"name\":\"O n\\u00e1s - Trees&amp;Pots\",\"isPartOf\":{\"@id\":\"https:\/\/www.treespots.cz\/sk\/#website\"},\"primaryImageOfPage\":{\"@id\":\"https:\/\/www.treespots.cz\/sk\/o-nas\/#primaryimage\"},\"datePublished\":\"2021-04-27T08:19:39+00:00\",\"dateModified\":\"2021-09-03T11:23:12+00:00\",\"breadcrumb\":{\"@id\":\"https:\/\/www.treespots.cz\/sk\/o-nas\/#breadcrumb\"},\"inLanguage\":\"sk-SK\",\"potentialAction\":[{\"@type\":\"ReadAction\",\"target\":[\"https:\/\/www.treespots.cz\/sk\/o-nas\/\"]}]},{\"@type\":\"BreadcrumbList\",\"@id\":\"https:\/\/www.treespots.cz\/sk\/o-nas\/#breadcrumb\",\"itemListElement\":[{\"@type\":\"ListItem\",\"position\":1,\"item\":{\"@type\":\"WebPage\",\"@id\":\"https:\/\/www.treespots.cz\/sk\/\",\"url\":\"https:\/\/www.treespots.cz\/sk\/\",\"name\":\"Domovsk\\u00e1 str\\u00e1nka\"}},{\"@type\":\"ListItem\",\"position\":2,\"item\":{\"@type\":\"WebPage\",\"@id\":\"https:\/\/www.treespots.cz\/sk\/o-nas\/\",\"url\":\"https:\/\/www.treespots.cz\/sk\/o-nas\/\",\"name\":\"O n\\u00e1s\"}}]}]}<\/script>\n<!-- \/ Yoast SEO plugin. -->","_links":{"self":[{"href":"https:\/\/www.treespots.cz\/sk\/wp-json\/wp\/v2\/pages\/436","targetHints":{"allow":["GET"]}}],"collection":[{"href":"https:\/\/www.treespots.cz\/sk\/wp-json\/wp\/v2\/pages"}],"about":[{"href":"https:\/\/www.treespots.cz\/sk\/wp-json\/wp\/v2\/types\/page"}],"author":[{"embeddable":true,"href":"https:\/\/www.treespots.cz\/sk\/wp-json\/wp\/v2\/users\/3"}],"replies":[{"embeddable":true,"href":"https:\/\/www.treespots.cz\/sk\/wp-json\/wp\/v2\/comments?post=436"}],"version-history":[{"count":15,"href":"https:\/\/www.treespots.cz\/sk\/wp-json\/wp\/v2\/pages\/436\/revisions"}],"predecessor-version":[{"id":676,"href":"https:\/\/www.treespots.cz\/sk\/wp-json\/wp\/v2\/pages\/436\/revisions\/676"}],"wp:featuredmedia":[{"embeddable":true,"href":"https:\/\/www.treespots.cz\/sk\/wp-json\/wp\/v2\/media\/495"}],"wp:attachment":[{"href":"https:\/\/www.treespots.cz\/sk\/wp-json\/wp\/v2\/media?parent=436"}],"curies":[{"name":"wp","href":"https:\/\/api.w.org\/{rel}","templated":true}]}}