{"id":193,"date":"2021-04-27T10:45:58","date_gmt":"2021-04-27T10:45:58","guid":{"rendered":"https:\/\/www.treespots.cz\/?page_id=193"},"modified":"2024-01-22T07:17:52","modified_gmt":"2024-01-22T07:17:52","slug":"contact","status":"publish","type":"page","link":"https:\/\/www.treespots.cz\/en\/contact\/","title":{"rendered":"Contact <br>Trees &#038; Pots"},"content":{"rendered":"<div id=\"pl-193\"  class=\"panel-layout\" ><div id=\"pg-193-0\"  class=\"panel-grid panel-has-style\" ><div class=\"panel-row-style panel-row-style-for-193-0\" ><div id=\"pgc-193-0-0\"  class=\"panel-grid-cell\" ><div id=\"panel-193-0-0-0\" class=\"so-panel widget widget_sow-editor panel-first-child\" data-index=\"0\" ><div class=\"so-widget-sow-editor so-widget-sow-editor-base\">\n<div class=\"siteorigin-widget-tinymce textwidget\">\n\t<h2>Bratislava<\/h2>\n<h3>Trees &amp; Pots s. r. o.<\/h3>\n<p>Palis\u00e1dy 29\/A<br \/>\n811 06 Bratislava - mestsk\u00e1 \u010das\u0165 Star\u00e9 Mesto<\/p>\n<h4 style=\"margin-top: 0;\"><a href=\"mailto:info@treespots.sk\">info@treespots.sk<\/a><\/h4>\n<p>ID: 53 687 027<br \/>\nTAX ID: 2121465632<\/p>\n<\/div>\n<\/div><\/div><div id=\"panel-193-0-0-1\" class=\"so-panel widget widget_sow-editor panel-last-child\" data-index=\"1\" ><div class=\"so-widget-sow-editor so-widget-sow-editor-base\">\n<div class=\"siteorigin-widget-tinymce textwidget\">\n\t<div style='width: 100%'><iframe width='100%' height='500px' src='https:\/\/maps.google.com\/maps?width=100%&amp;height=500&amp;q=Palis\u00e1dy 29\/A, 811 06 Bratislava - mestsk\u00e1 \u010das\u0165 Star\u00e9 Mesto&amp;z=15&amp;output=embed' frameborder='0' scrolling='no' marginheight='0' marginwidth='0'><a href='https:\/\/semicolonworld.com'>Google map generator<\/a><\/iframe><\/div>\n<p><\/p>\n<\/div>\n<\/div><\/div><\/div><div id=\"pgc-193-0-1\"  class=\"panel-grid-cell\" ><div id=\"panel-193-0-1-0\" class=\"so-panel widget widget_sow-editor panel-first-child\" data-index=\"2\" ><div class=\"so-widget-sow-editor so-widget-sow-editor-base\">\n<div class=\"siteorigin-widget-tinymce textwidget\">\n\t<h2>Praha<\/h2>\n<h3>TREES &amp; POTS SICAV a.s.<\/h3>\n<p>Sokolovsk\u00e1 700\/113a<br \/>\n186 00 Praha 8, \u010cesk\u00e1 republika<\/p>\n<h4 style=\"margin-top: 0;\"><a href=\"mailto:info@treespots.sk\">info@treespots.sk<\/a><\/h4>\n<p>ID: 10907637<\/p>\n<\/div>\n<\/div><\/div><div id=\"panel-193-0-1-1\" class=\"so-panel widget widget_sow-editor panel-last-child\" data-index=\"3\" ><div class=\"so-widget-sow-editor so-widget-sow-editor-base\">\n<div class=\"siteorigin-widget-tinymce textwidget\">\n\t<div style='width: 100%'><iframe width='100%' height='500px' src='https:\/\/maps.google.com\/maps?width=100%&amp;height=500&amp;q=Pob\u0159e\u017en\u00ed 620\/3 186 00 Praha 8 - Karl\u00edn, \u010cesk\u00e1 republika&amp;z=15&amp;output=embed' frameborder='0' scrolling='no' marginheight='0' marginwidth='0'><a href='https:\/\/semicolonworld.com'>Google map generator<\/a><\/iframe><\/div>\n<p><\/p>\n<\/div>\n<\/div><\/div><\/div><\/div><\/div><\/div>","protected":false},"excerpt":{"rendered":"<p>Bratislava Trees &amp; Pots s. r. o. Palis\u00e1dy 29\/A 811 06 Bratislava &#8211; mestsk\u00e1 \u010das\u0165 Star\u00e9 Mesto info@treespots.sk ID: 53 687 027 TAX ID: 2121465632 Google map generator Praha TREES &amp; POTS SICAV a.s. Sokolovsk\u00e1 700\/113a 186 00 Praha 8, \u010cesk\u00e1 republika info@treespots.sk ID: 10907637 Google map generator<\/p>\n","protected":false},"author":3,"featured_media":504,"parent":0,"menu_order":0,"comment_status":"closed","ping_status":"closed","template":"","meta":{"footnotes":""},"class_list":["post-193","page","type-page","status-publish","has-post-thumbnail","hentry"],"yoast_head":"<!-- This site is optimized with the Yoast SEO plugin v16.1.1 - https:\/\/yoast.com\/wordpress\/plugins\/seo\/ -->\n<link rel=\"canonical\" href=\"https:\/\/www.treespots.cz\/en\/contact\/\" \/>\n<meta property=\"og:locale\" content=\"en_US\" \/>\n<meta property=\"og:type\" content=\"article\" \/>\n<meta property=\"og:title\" content=\"Contact Trees &amp; Pots - Trees&amp;Pots\" \/>\n<meta property=\"og:description\" content=\"Bratislava Trees &amp; Pots s. r. o. Palis\u00e1dy 29\/A 811 06 Bratislava - mestsk\u00e1 \u010das\u0165 Star\u00e9 Mesto info@treespots.sk ID: 53 687 027 TAX ID: 2121465632 Google map generator Praha TREES &amp; POTS SICAV a.s. Sokolovsk\u00e1 700\/113a 186 00 Praha 8, \u010cesk\u00e1 republika info@treespots.sk ID: 10907637 Google map generator\" \/>\n<meta property=\"og:url\" content=\"https:\/\/www.treespots.cz\/en\/contact\/\" \/>\n<meta property=\"og:site_name\" content=\"Trees&amp;Pots\" \/>\n<meta property=\"article:modified_time\" content=\"2024-01-22T07:17:52+00:00\" \/>\n<meta property=\"og:image\" content=\"https:\/\/www.treespots.cz\/wp-content\/uploads\/2021\/07\/1-1-2.png\" \/>\n\t<meta property=\"og:image:width\" content=\"1728\" \/>\n\t<meta property=\"og:image:height\" content=\"1315\" \/>\n<meta name=\"twitter:card\" content=\"summary_large_image\" \/>\n<script type=\"application\/ld+json\" class=\"yoast-schema-graph\">{\"@context\":\"https:\/\/schema.org\",\"@graph\":[{\"@type\":\"WebSite\",\"@id\":\"https:\/\/www.treespots.cz\/en\/#website\",\"url\":\"https:\/\/www.treespots.cz\/en\/\",\"name\":\"Trees&amp;Pots\",\"description\":\"\",\"potentialAction\":[{\"@type\":\"SearchAction\",\"target\":\"https:\/\/www.treespots.cz\/en\/?s={search_term_string}\",\"query-input\":\"required name=search_term_string\"}],\"inLanguage\":\"en-US\"},{\"@type\":\"ImageObject\",\"@id\":\"https:\/\/www.treespots.cz\/en\/contact\/#primaryimage\",\"inLanguage\":\"en-US\",\"url\":\"https:\/\/www.treespots.cz\/wp-content\/uploads\/2021\/07\/1-1-2.png\",\"contentUrl\":\"https:\/\/www.treespots.cz\/wp-content\/uploads\/2021\/07\/1-1-2.png\",\"width\":1728,\"height\":1315},{\"@type\":\"WebPage\",\"@id\":\"https:\/\/www.treespots.cz\/en\/contact\/#webpage\",\"url\":\"https:\/\/www.treespots.cz\/en\/contact\/\",\"name\":\"Contact Trees & Pots - Trees&amp;Pots\",\"isPartOf\":{\"@id\":\"https:\/\/www.treespots.cz\/en\/#website\"},\"primaryImageOfPage\":{\"@id\":\"https:\/\/www.treespots.cz\/en\/contact\/#primaryimage\"},\"datePublished\":\"2021-04-27T10:45:58+00:00\",\"dateModified\":\"2024-01-22T07:17:52+00:00\",\"breadcrumb\":{\"@id\":\"https:\/\/www.treespots.cz\/en\/contact\/#breadcrumb\"},\"inLanguage\":\"en-US\",\"potentialAction\":[{\"@type\":\"ReadAction\",\"target\":[\"https:\/\/www.treespots.cz\/en\/contact\/\"]}]},{\"@type\":\"BreadcrumbList\",\"@id\":\"https:\/\/www.treespots.cz\/en\/contact\/#breadcrumb\",\"itemListElement\":[{\"@type\":\"ListItem\",\"position\":1,\"item\":{\"@type\":\"WebPage\",\"@id\":\"https:\/\/www.treespots.cz\/en\/\",\"url\":\"https:\/\/www.treespots.cz\/en\/\",\"name\":\"Domovsk\\u00e1 str\\u00e1nka\"}},{\"@type\":\"ListItem\",\"position\":2,\"item\":{\"@type\":\"WebPage\",\"@id\":\"https:\/\/www.treespots.cz\/en\/contact\/\",\"url\":\"https:\/\/www.treespots.cz\/en\/contact\/\",\"name\":\"Contact Trees &#038; Pots\"}}]}]}<\/script>\n<!-- \/ Yoast SEO plugin. -->","_links":{"self":[{"href":"https:\/\/www.treespots.cz\/en\/wp-json\/wp\/v2\/pages\/193","targetHints":{"allow":["GET"]}}],"collection":[{"href":"https:\/\/www.treespots.cz\/en\/wp-json\/wp\/v2\/pages"}],"about":[{"href":"https:\/\/www.treespots.cz\/en\/wp-json\/wp\/v2\/types\/page"}],"author":[{"embeddable":true,"href":"https:\/\/www.treespots.cz\/en\/wp-json\/wp\/v2\/users\/3"}],"replies":[{"embeddable":true,"href":"https:\/\/www.treespots.cz\/en\/wp-json\/wp\/v2\/comments?post=193"}],"version-history":[{"count":60,"href":"https:\/\/www.treespots.cz\/en\/wp-json\/wp\/v2\/pages\/193\/revisions"}],"predecessor-version":[{"id":862,"href":"https:\/\/www.treespots.cz\/en\/wp-json\/wp\/v2\/pages\/193\/revisions\/862"}],"wp:featuredmedia":[{"embeddable":true,"href":"https:\/\/www.treespots.cz\/en\/wp-json\/wp\/v2\/media\/504"}],"wp:attachment":[{"href":"https:\/\/www.treespots.cz\/en\/wp-json\/wp\/v2\/media?parent=193"}],"curies":[{"name":"wp","href":"https:\/\/api.w.org\/{rel}","templated":true}]}}